{"id":1486,"date":"2018-05-07T22:39:44","date_gmt":"2018-05-07T20:39:44","guid":{"rendered":"http:\/\/www.judohermee.be\/?page_id=1486"},"modified":"2018-05-24T20:45:15","modified_gmt":"2018-05-24T18:45:15","slug":"stages","status":"publish","type":"page","link":"http:\/\/www.judohermee.be\/index.php\/stages\/","title":{"rendered":"Stages"},"content":{"rendered":"<p>[vc_row][vc_column][vc_column_text]<\/p>\n<h2 style=\"text-align: center;\"><strong>Les inscriptions aux stages d&rsquo;\u00e9t\u00e9 sont ouvertes! Ne tardez pas \u00e0 vous inscrire, les places sont limit\u00e9es!<\/strong><\/h2>\n<p>[\/vc_column_text][vc_btn title=\u00a0\u00bbInscription stage\u00a0\u00bb color=\u00a0\u00bborange\u00a0\u00bb size=\u00a0\u00bblg\u00a0\u00bb align=\u00a0\u00bbcenter\u00a0\u00bb link=\u00a0\u00bburl:https%3A%2F%2Fwww.eventbrite.fr%2Fd%2Fbelgium&#8211;herstal%2Fclasses%2Fherm%25C3%25A9e%2F%3Fcrt%3Dregular%26sort%3Ddate|||\u00a0\u00bb][\/vc_column][\/vc_row][vc_row][vc_column][vc_column_text]<\/p>\n<h3 style=\"text-align: center;\"><\/h3>\n<h3 style=\"text-align: center;\"><strong><u>STAGES SPORTIFS 2018<\/u><\/strong><\/h3>\n<p><strong>Stage n\u00b01\u00a0<\/strong>\u00a0\u00a0\u00a0\u00a0\u00a0\u00a0\u00a0\u00a0\u00a0\u00a0\u00a0\u00a0\u00a0\u00a0\u00a0\u00a0\u00a0\u00a0 Du 02 juillet au 06 juillet\u00a0\u00a0 4 \u00e0\u00a0 8 ans<\/p>\n<p><strong>Stage n\u00b02\u00a0<\/strong>\u00a0\u00a0\u00a0\u00a0\u00a0\u00a0\u00a0\u00a0\u00a0\u00a0\u00a0\u00a0\u00a0\u00a0\u00a0\u00a0\u00a0\u00a0 Du 02 juillet au 06 juillet\u00a0\u00a0 8 \u00e0\u00a0 12 ans<\/p>\n<p><strong>Stage n\u00b03<\/strong>\u00a0\u00a0\u00a0\u00a0\u00a0\u00a0\u00a0\u00a0\u00a0\u00a0\u00a0\u00a0\u00a0\u00a0\u00a0\u00a0\u00a0\u00a0\u00a0 Du \u00a009 juillet au 13 juillet\u00a0 4 \u00e0\u00a0 8 ans<\/p>\n<p><strong>Stage n\u00b04<\/strong>\u00a0\u00a0\u00a0\u00a0\u00a0\u00a0\u00a0\u00a0\u00a0\u00a0\u00a0\u00a0\u00a0\u00a0\u00a0\u00a0\u00a0\u00a0\u00a0 Du 09 juillet au 13 juillet\u00a0\u00a0 8 \u00e0 12 ans<\/p>\n<p><strong>Stage n\u00b05<\/strong>\u00a0\u00a0\u00a0\u00a0\u00a0\u00a0\u00a0\u00a0\u00a0\u00a0\u00a0\u00a0\u00a0\u00a0\u00a0\u00a0\u00a0\u00a0\u00a0 Du\u00a0 06 ao\u00fbt au 10 ao\u00fbt\u00a0\u00a0\u00a0\u00a0\u00a0\u00a0\u00a0\u00a0\u00a0\u00a0\u00a0 4 \u00e0\u00a0 12 ans (3 groupes d\u2019\u00e2ges)<\/p>\n<p><strong>Stage n\u00b06<\/strong>\u00a0\u00a0\u00a0\u00a0\u00a0\u00a0\u00a0\u00a0\u00a0\u00a0\u00a0\u00a0\u00a0\u00a0\u00a0\u00a0\u00a0\u00a0\u00a0 Du 20 ao\u00fbt au 24 ao\u00fbt\u00a0\u00a0\u00a0\u00a0\u00a0\u00a0\u00a0\u00a0\u00a0\u00a0\u00a0\u00a0 4 \u00e0\u00a0 12 ans (3 groupes d\u2019\u00e2ges)<\/p>\n<p><strong>Stage n\u00b07<\/strong>\u00a0\u00a0\u00a0\u00a0\u00a0\u00a0\u00a0\u00a0\u00a0\u00a0\u00a0\u00a0 \u00a0\u00a0\u00a0\u00a0\u00a0 Du 27 ao\u00fbt au 31 ao\u00fbt\u00a0\u00a0\u00a0\u00a0\u00a0 \u00a0\u00a0\u00a0\u00a0\u00a0\u00a0 4 \u00e0\u00a0 12 ans (3 groupes d\u2019\u00e2ges)<\/p>\n<p>&nbsp;<\/p>\n<p><strong><u>Activit\u00e9s<\/u><\/strong> de judo \u2013multisports\u00a0: judo, natation, hockey, sports ballons, renforcement musculaire, VTT\u00a0 en fonction du groupe d\u2019\u00e2ge de votre enfant, aventure\u2026<\/p>\n<p>&nbsp;<\/p>\n<p><strong><u>Moniteurs<\/u><\/strong> Lionel (1-3-6) \u2013 Benjamin (5-6-7) \u2013 Camille (2) \u2013 Caroline (4) \u2013 Julien (5) \u2013 Roy (7) \u2013 Romane (7)<\/p>\n<p><strong>Horaire<\/strong>: de 9h \u00e0 16h, garderie \u00e0 partir de 8h et jusque 17h<\/p>\n<p><strong>Prix<\/strong>: 50\u20ac\/semaine<\/p>\n<p><strong><u>Emplacement<strong><u> : Au dojo, rue C\u00e9sar Depaepe, 43 \u00e0 4683 Oupeye &#8211; Vivegnis<\/u><\/strong><\/u><\/strong><\/p>\n<p><u>R\u00e9servation d\u00e8s \u00e0 pr\u00e9sent au 0499\/611.723 ou sur le site <\/u><a href=\"http:\/\/www.judohermee.be\">www.judohermee.be<\/a><\/p>\n<p>Pr\u00e9sence valid\u00e9e uniquement apr\u00e8s paiement et inscription<\/p>\n<p><u>Attestations fiscales et mutuelles en fin de stage.<\/u><\/p>\n<p>&nbsp;[\/vc_column_text][\/vc_column][\/vc_row][vc_row][vc_column width=\u00a0\u00bb1\/4&Prime;][\/vc_column][vc_column width=\u00a0\u00bb1\/2&Prime;]    \t<div class=\"\">\r\n\t\t\t            <div class=\"leaf-banner-item banner-item-4716\" style=\"background-image:url(http:\/\/www.judohermee.be\/wp-content\/uploads\/2017\/01\/Fiche-sante\u0301-stage.jpg)\">\r\n                <a href=\"http:\/\/www.judohermee.be\/wp-content\/uploads\/2018\/05\/fiche-sante\u0301-stage-benja-ete-2018-3.docx\" class=\"leaf-banner-content\">\r\n                    <div class=\"leaf-banner-content-inner\">\r\n                        <h3 class=\"h2\">Fiche Sant\u00e9 Stage<\/h3>\r\n                        <h2 class=\"h1\">Fiche Sant\u00e9 Stage<\/h2>\r\n                    <\/div>\r\n                                        <div class=\"banner-overlay main-color-1-bg\"><\/div>\r\n                <\/a>\r\n            <\/div><!--\/leaf-banner-item-->\r\n        <\/div>\r\n\t[\/vc_column][vc_column width=\u00a0\u00bb1\/4&Prime;][\/vc_column][\/vc_row]<\/p>\n","protected":false},"excerpt":{"rendered":"<p>[vc_row][vc_column][vc_column_text] Les inscriptions aux stages d&rsquo;\u00e9t\u00e9 sont ouvertes! Ne tardez pas \u00e0 vous inscrire, les places sont limit\u00e9es! [\/vc_column_text][vc_btn title=\u00a0\u00bbInscription stage\u00a0\u00bb color=\u00a0\u00bborange\u00a0\u00bb [&hellip;]<\/p>\n","protected":false},"author":1,"featured_media":0,"parent":0,"menu_order":0,"comment_status":"closed","ping_status":"closed","template":"","meta":[],"_links":{"self":[{"href":"http:\/\/www.judohermee.be\/index.php\/wp-json\/wp\/v2\/pages\/1486"}],"collection":[{"href":"http:\/\/www.judohermee.be\/index.php\/wp-json\/wp\/v2\/pages"}],"about":[{"href":"http:\/\/www.judohermee.be\/index.php\/wp-json\/wp\/v2\/types\/page"}],"author":[{"embeddable":true,"href":"http:\/\/www.judohermee.be\/index.php\/wp-json\/wp\/v2\/users\/1"}],"replies":[{"embeddable":true,"href":"http:\/\/www.judohermee.be\/index.php\/wp-json\/wp\/v2\/comments?post=1486"}],"version-history":[{"count":4,"href":"http:\/\/www.judohermee.be\/index.php\/wp-json\/wp\/v2\/pages\/1486\/revisions"}],"predecessor-version":[{"id":1506,"href":"http:\/\/www.judohermee.be\/index.php\/wp-json\/wp\/v2\/pages\/1486\/revisions\/1506"}],"wp:attachment":[{"href":"http:\/\/www.judohermee.be\/index.php\/wp-json\/wp\/v2\/media?parent=1486"}],"curies":[{"name":"wp","href":"https:\/\/api.w.org\/{rel}","templated":true}]}}