{"id":90,"date":"2016-12-30T19:43:22","date_gmt":"2016-12-30T18:43:22","guid":{"rendered":"http:\/\/www.judohermee.be\/?page_id=90"},"modified":"2018-08-20T14:56:50","modified_gmt":"2018-08-20T12:56:50","slug":"le-jardin-des-eveils","status":"publish","type":"page","link":"http:\/\/www.judohermee.be\/index.php\/le-jardin-des-eveils\/","title":{"rendered":"Le jardin des \u00e9veils"},"content":{"rendered":"<p>[vc_row][vc_column][vc_column_text]Trois ateliers de \u00ab\u00a0gym enfant\u00a0\u00bb o\u00f9 les activit\u00e9s motrices sont des mouvements de base stimulant le d\u00e9veloppement moteur, relationnel et assurant l&rsquo;int\u00e9gration du sch\u00e9ma corporel de l&rsquo;enfant.<\/p>\n<p>Dans un cadre ludique avec du mat\u00e9riel adapt\u00e9 et s\u00e9curis\u00e9, trois groupes aux objectifs sp\u00e9cifiques et adapt\u00e9s sont propos\u00e9s chaque mercredi:<\/p>\n<ul>\n<li>Gym\u00a0Enfant : de 13h30 \u00e0 14h30, enfants n\u00e9s en 2014<\/li>\n<li>Eveil Gym\u00a0: de 14h30 \u00e0 15h30, enfants n\u00e9s en 2015\/2016<\/li>\n<li>B\u00e9b\u00e9 Gym\u00a0: de 15h45 \u00e0 16h30, enfants n\u00e9s en 2017-2018 (cours parental)<\/li>\n<\/ul>\n<p>Inscriptions et renseignements au 04\/278.18.78 ou 0493\/64.26.23[\/vc_column_text][vc_masonry_media_grid grid_id=\u00a0\u00bbvc_gid:1534769722711-74a4ac7ade1e3332cfc906902fceeecc-6&Prime; include=\u00a0\u00bb830,831,832,833,835,836&Prime;][\/vc_column][\/vc_row][vc_row][vc_column][\/vc_column][\/vc_row]<\/p>\n","protected":false},"excerpt":{"rendered":"<p>[vc_row][vc_column][vc_column_text]Trois ateliers de \u00ab\u00a0gym enfant\u00a0\u00bb o\u00f9 les activit\u00e9s motrices sont des mouvements de base stimulant le d\u00e9veloppement moteur, relationnel et assurant l&rsquo;int\u00e9gration [&hellip;]<\/p>\n","protected":false},"author":1,"featured_media":0,"parent":0,"menu_order":0,"comment_status":"closed","ping_status":"closed","template":"","meta":[],"_links":{"self":[{"href":"http:\/\/www.judohermee.be\/index.php\/wp-json\/wp\/v2\/pages\/90"}],"collection":[{"href":"http:\/\/www.judohermee.be\/index.php\/wp-json\/wp\/v2\/pages"}],"about":[{"href":"http:\/\/www.judohermee.be\/index.php\/wp-json\/wp\/v2\/types\/page"}],"author":[{"embeddable":true,"href":"http:\/\/www.judohermee.be\/index.php\/wp-json\/wp\/v2\/users\/1"}],"replies":[{"embeddable":true,"href":"http:\/\/www.judohermee.be\/index.php\/wp-json\/wp\/v2\/comments?post=90"}],"version-history":[{"count":7,"href":"http:\/\/www.judohermee.be\/index.php\/wp-json\/wp\/v2\/pages\/90\/revisions"}],"predecessor-version":[{"id":1568,"href":"http:\/\/www.judohermee.be\/index.php\/wp-json\/wp\/v2\/pages\/90\/revisions\/1568"}],"wp:attachment":[{"href":"http:\/\/www.judohermee.be\/index.php\/wp-json\/wp\/v2\/media?parent=90"}],"curies":[{"name":"wp","href":"https:\/\/api.w.org\/{rel}","templated":true}]}}