{"id":92,"date":"2016-12-30T19:43:22","date_gmt":"2016-12-30T18:43:22","guid":{"rendered":"http:\/\/www.judohermee.be\/?page_id=92"},"modified":"2017-01-30T22:20:06","modified_gmt":"2017-01-30T21:20:06","slug":"judo","status":"publish","type":"page","link":"http:\/\/www.judohermee.be\/index.php\/judo\/","title":{"rendered":"Judo"},"content":{"rendered":"<p>[vc_row][vc_column][vc_media_grid grid_id=\u00a0\u00bbvc_gid:1485811132221-97deeac7-e093-1&Prime; include=\u00a0\u00bb810,811,812&Prime;][\/vc_column][\/vc_row][vc_row][vc_column][vc_column_text]Bienvenue dans le monde du judo! Le judo est pratiqu\u00e9 par plus de 100 millions de personnes dans plus de 200 pays du monde. La popularit\u00e9 du judo comme sport et comme activit\u00e9 s\u2019explique de plusieurs fa\u00e7ons.<\/p>\n<ul>\n<li>Le judo est une activit\u00e9 que pratiquent les hommes et les femmes de tout \u00e2ge.<\/li>\n<li>Le judo d\u00e9veloppe des qualit\u00e9s et des habilet\u00e9s athl\u00e9tiques, depuis les comp\u00e9tences physiques de base jusqu\u2019aux mouvements et aux tactiques les plus complexes.<\/li>\n<li>Ancr\u00e9 dans la culture japonaise, le judo ouvre la voie \u00e0 la d\u00e9couverte philosophique.<\/li>\n<li>Le judo est un excellent mode d\u2019autod\u00e9fense; il aide aussi \u00e0 d\u00e9velopper des habilet\u00e9s propres \u00e0 la gestion de conflits.<\/li>\n<li>Le judo est un sport qui peut mener \u00e0 la r\u00e9ussite olympique.<\/li>\n<li>Les programmes de judo offrent un environnement s\u00fbr et stimulant au sein duquel tous les judokas peuvent d\u00e9velopper leur plein potentiel.<\/li>\n<\/ul>\n<p>Le mot japonais \u00abjudo\u00bb signifie \u00abla voie de la souplesse\u00bb ou \u00abm\u00e9thode douce\u00bb . L\u2019\u00e9quilibre, le synchronisme, les strat\u00e9gies et les tactiques sont les caract\u00e9ristiques essentielles \u00e0 ce sport et \u00e0 cet art. Le judo applique ces principes aux diff\u00e9rentes techniques de projection et de prises. Le judo est non seulement une activit\u00e9 amusante et \u00e9nergisante mais aussi un exercice de d\u00e9tente. Les mouvements et les techniques du judo peuvent \u00eatre appris dans le cadre de jeux, et am\u00e9lior\u00e9s en les pratiquant avec un partenaire.<\/p>\n<p>Bref, le judo pla\u00eet sur toute la ligne car c\u2019est \u00e0 la fois un sport, un art, une discipline, un loisir, une activit\u00e9 sociale, un programme de conditionnement physique, une m\u00e9thode d\u2019autod\u00e9fense et un mode de vie.[\/vc_column_text][\/vc_column][\/vc_row]<\/p>\n","protected":false},"excerpt":{"rendered":"<p>[vc_row][vc_column][vc_media_grid grid_id=\u00a0\u00bbvc_gid:1485811132221-97deeac7-e093-1&Prime; include=\u00a0\u00bb810,811,812&Prime;][\/vc_column][\/vc_row][vc_row][vc_column][vc_column_text]Bienvenue dans le monde du judo! Le judo est pratiqu\u00e9 par plus de 100 millions de personnes dans plus de [&hellip;]<\/p>\n","protected":false},"author":1,"featured_media":0,"parent":0,"menu_order":0,"comment_status":"closed","ping_status":"closed","template":"","meta":[],"_links":{"self":[{"href":"http:\/\/www.judohermee.be\/index.php\/wp-json\/wp\/v2\/pages\/92"}],"collection":[{"href":"http:\/\/www.judohermee.be\/index.php\/wp-json\/wp\/v2\/pages"}],"about":[{"href":"http:\/\/www.judohermee.be\/index.php\/wp-json\/wp\/v2\/types\/page"}],"author":[{"embeddable":true,"href":"http:\/\/www.judohermee.be\/index.php\/wp-json\/wp\/v2\/users\/1"}],"replies":[{"embeddable":true,"href":"http:\/\/www.judohermee.be\/index.php\/wp-json\/wp\/v2\/comments?post=92"}],"version-history":[{"count":8,"href":"http:\/\/www.judohermee.be\/index.php\/wp-json\/wp\/v2\/pages\/92\/revisions"}],"predecessor-version":[{"id":813,"href":"http:\/\/www.judohermee.be\/index.php\/wp-json\/wp\/v2\/pages\/92\/revisions\/813"}],"wp:attachment":[{"href":"http:\/\/www.judohermee.be\/index.php\/wp-json\/wp\/v2\/media?parent=92"}],"curies":[{"name":"wp","href":"https:\/\/api.w.org\/{rel}","templated":true}]}}